{"id":1844,"date":"2016-11-11T14:12:45","date_gmt":"2016-11-11T13:12:45","guid":{"rendered":"http:\/\/www.plaatselijkbelangwesepe.nl\/-\/?page_id=1844"},"modified":"2016-11-11T15:13:32","modified_gmt":"2016-11-11T14:13:32","slug":"jaarvergadering-2016","status":"publish","type":"page","link":"https:\/\/www.plaatselijkbelangwesepe.nl\/-\/ledenvergadering\/jaarvergadering-2016\/","title":{"rendered":"Jaarvergadering 2016"},"content":{"rendered":"<h4>\u00a0Concept-notulen van de jaarvergadering van Plaatselijk Belang Wesepe<\/h4>\n<p>gehouden op 9 november 2016 in het Wapen van Wesepe.<\/p>\n<p>Aanwezig:<br \/>\nHet college van B&amp;W Olst-Wijhe: de wethouders M. Blind, A.G.J. Bosch en H.G. Engberink<br \/>\nD. Zielhuis, gemeentesecretaris<br \/>\nA. ten Broeke, afd. communicatie en voorlichting, gemeente<br \/>\nDe raadsleden: B.J. Habers (CDA),G.M.C. Hulleman-Jansen (Gemeentebelangen), A.H.T. Schuiling ( PvdA), H. Olthof (D66), J. Gerkes en H.S. Haverkate-Bartels (VVD)<br \/>\nCa. 45 leden van Plaatselijk Belang Wesepe<\/p>\n<h5>1. Opening<\/h5>\n<p>Voorzitter Jan Schepers heet de aanwezigen welkom en opent de vergadering. De burgemeester is vandaag niet aanwezig vanwege een rugblessure. De voorzitter schetst vervolgens, op hoofdlijnen, de activiteiten van de vereniging in de laatste twaalf maanden. Ook maakt hij melding van het geslaagde bedrijfsbezoek eerder op de dag. Samen met het college van B&amp;W werd een bezoek gebracht aan de Groengroep Salland, ANV, BiomasSalland aan de Boxbergerweg in Wesepe.<\/p>\n<p>Frank van Beijnen en Anton Nijenhuis \u2013zij zorgen o.a. voor het innen van de contributie, het werven van nieuwe leden en het bezorgen van uitnodigingen e.d. \u2013 worden bedankt voor hun inzet.<\/p>\n<h5>2. Notulen jaarvergadering 11 november 2015<\/h5>\n<p>De notulen van de jaarvergadering 2015 worden, zonder op- of aanmerkingen, met dank aan de secretaris, vastgesteld.<\/p>\n<h5>3.\u00a0Mededelingen<\/h5>\n<p>Er is bericht van verhindering ontvangen van het bestuurslid Ilona Schotman. Ook heeft de correspondent van o.a. de Stentor, zich afgemeld.<\/p>\n<h5>4.\u00a0Jaarverslag oktober 2015 \u2013 oktober 2016<\/h5>\n<p>Het verslag wordt, zonder op- of aanmerkingen, met dank aan de secretaris, vastgesteld.<\/p>\n<h5>5.\u00a0Financieel verslag<\/h5>\n<p>Penningmeester Yvonne Schutte geeft een toelichting op het financieel jaaroverzicht 2015.\u00a0Het jaar 2015 is afgesloten met een positief resultaat van \u20ac 1.080,05 Het eigen vermogen bedroeg eind 2015 \u20ac 12.619,80. De voorzitter spreekt zijn waardering uit voor de duidelijke wijze waarop de cijfers zijn gepresenteerd en toegelicht.<\/p>\n<h5>6.\u00a0Verslag kascommissie<\/h5>\n<p>Joke Brouwer en Jan Niemeijer hebben de financi\u00ebn gecontroleerd. Jan Niemeijer geeft aan, dat de boeken in orde zijn bevonden en het beheer van de financi\u00ebn op een goede wijze plaatsvindt. Er is z.i. sprake van een financieel gezonde vereniging. De voorzitter bedankt de kascommissie voor de verrichte werkzaamheden. Een nieuwe kascommissie wordt benoemd. Hierin hebben zitting: Jan Niemeijer\u00a0 (2e jaar) en B\u00e9 Noordkamp (1e jaar); Reserve is Arend de Lange.<\/p>\n<h5>7. Bestuursverkiezing<\/h5>\n<p>Aftredend en herkiesbaar zijn Eddy van Gelder, Jan Schepers en Reinier Vukkink. Genoemde bestuursleden worden herbenoemd. De voorzitter zegt, dat Reinier Vukkink eigenlijk wilde aftreden, maar dat het nog niet gelukt is een goede opvolger te vinden. Er zal verder worden gezocht en een eventuele kandidaat zal dan eerst een jaar ervaring op kunnen doen als aspirant-bestuurslid.<\/p>\n<h5>8.\u00a0\u00a0 Rondvraag<\/h5>\n<p>Hiervan wordt geen gebruik gemaakt.\u00a0<i>Hiermee wordt de jaarvergadering van Plaatselijk Belang afgesloten.<\/i><\/p>\n<h5>Buurtpreventie \/ WhatsApp-groepen<\/h5>\n<p>Roy Kleinlangevelsloo, Marieke Heerdink en Angela Zijnge van de politie IJsselland Zuid geven een uiteenzetting over dit onderwerp. In Wesepe is een WhatsApp-groep (WA-g) waaraan ongeveer tachtig personen deelnemen. Het is een burgerinitiatief. De politie kijkt mee met de WA-groepen. Op het moment dat iemand een melding doet via de WA-g en vervolgens de politie belt (bijv. 112) is de politie IJsselland-Zuid al op de hoogte. Bij de meldkamer is exact bekend waar de dichtstbijzijnde surveillancewagen zich op dat moment bevindt. De aansturing kan hierdoor op adequate wijze plaatsvinden. Als er niet ter zake doende dingen worden gemeld via WA-g haakt de politie af. Het moet wel een serieuze zaak blijven. Verdachte situaties kunnen worden gemeld.<\/p>\n<p>Het belang van een WA-g zit vooral in SAAR; dit staat voor : signaleren, alarmeren, appen en reageren. Belangrijk om bij verdachte situaties ook goed te letten op uiterlijke kenmerken, zoals schoenen, kleding, geslacht, haarkleur, huidskleur, merk en kenteken voertuigen, rijrichting etc.. Met het aanspreken van personen dient uiterste voorzichtigheid te worden betracht. Bij de minste twijfel kan dit beter aan de politie worden overgelaten.<\/p>\n<p>Tot slot worden de aanwezigen opgeroepen zich aan te melden voor de WA-g.<\/p>\n<p>De voorzitter bedankt de sprekers voor hun duidelijke uitleg.<\/p>\n<h4>Glasvezel buitengebied \u2013 informatie<\/h4>\n<p>Hans Lagcher van SallandGlas houdt een enthousiast betoog over het nut en belang van aansluiting op het glasvezelnet in het buitengebied. Als minstens 50% van de potentieel aan te sluiten percelen in Salland Zuid zich aanmelden voor een aansluiting, wordt het glasvezelnetwerk aangelegd door CIF\/Cogas. Inschrijven is nog mogelijk t\/m 13 november 2016.Spreker wijst op de inschrijfmogelijkheid in de pauze en na afloop van de jaarvergadering in de tuinzaal van het Wapen van Wesepe.<\/p>\n<p>Uit de zaal worden vragen gesteld over de aansluiting van de percelen aan de Raalterweg. Dit betreft de percelen die in een zgn. grijsgebied liggen (concessiegebied van Ziggo).<\/p>\n<p>Hierover wordt nog onderhandeld. De vraag wordt gesteld of deze percelen op termijn ook kunnen aansluiten zonder de extra aansluitkosten van \u20ac 239,00 te betalen.<\/p>\n<p>Uit de beantwoording blijkt dat SallandGlas zich sterk maakt voor het een en ander, maar zelf niet de partij is die hierover kan beslissen. Over dit punt en alle vergelijkbare punten in Overijssel, loopt al langer overleg met Cogas. Over de uiteindelijke uitkomst hiervan zal worden gecommuniceerd o.a. door terugkoppeling naar Plaatselijk Belang.<\/p>\n<p>&nbsp;<\/p>\n<h4>Kernenbezoek van het College van Burgemeester &amp; Wethouders van Olst-Wijhe<\/h4>\n<p>Wethouder Herman Engberink heet de aanwezigen welkom en stelt ook de aanwezige raadsleden en overige leden van de gemeentelijke delegatie voor. Om redenen zoals reeds genoemd door Jan Schepers, moet de burgemeester helaas verstek laten gaan. De nieuwe gemeentesecretaris, Dries Zielhuis, introduceert zichzelf. Hij wijst op het belang van goede dienstverlening.<\/p>\n<p>Wethouder Engberink geeft aan dat het die middag, samen met het bestuur van Plaatselijk Belang, afgelegde bedrijfsbezoek bij de Groengroep Salland, ANV, BiomasSalland aan de Boxbergerweg in Wesepe zeer de moeite waard was.<\/p>\n<p>Naar aanleiding van gestelde vragen komt het volgende aan de orde:<\/p>\n<h5>Zorggelden<\/h5>\n<p>In tegenstelling tot de landelijk tendens is er in de gemeente Olst-Wijhe geen overschot op het zorgbudget. Volgens wethouder Engberink is er op jeugdzorg een tekort, maar kijkend naar het totale budget voor zorg is het ongeveer sluitend.<\/p>\n<h5>Woningbouw<\/h5>\n<p><strong><i>Kavels Veldwachter<\/i><\/strong><br \/>\nDe kavels zijn groot en worden daardoor erg duur.\u00a0Wethouder Blind geeft aan dat in het verleden bij sommige kavels de tuinen wat minder diep zijn gemaakt zijn, waardoor de kavelprijs wat omlaag kon. Het plan is ontwikkeld v\u00f3\u00f3r de crisis op de woningmarkt ontstond, waarbij de lijn uit het verleden is doorgetrokken. De gemeente gaat niet op eigen initiatief de kavels verkleinen, maar luistert goed naar vragen en opmerkingen van ontwikkelaars en particulieren.<\/p>\n<p><strong><i>Enqu\u00eate woningbouw<\/i><\/strong><br \/>\nRecent is door de gemeente een enqu\u00eate uitgezet waarmee wordt beoogd inzicht te krijgen in de toekomstige woonwensen van de inwoners. In Wesepe is in het kader van het Dorpsontwikkelingsplan destijds ook een dergelijke enqu\u00eate uitgezet. Daarvan zou gebruik gemaakt kunnen worden. Wethouder Blind zegt de uitkomsten van de DOP-enqu\u00eate niet te kennen en vraagt zich af of deze openbaar is gemaakt. Henk Willink, co\u00f6rdinator van de DOP-werkgroepen, vindt het jammer dat de uitkomsten niet openbaar zijn gemaakt. Dit gaat alsnog gebeuren.<\/p>\n<p>Volgens wethouder Blind heeft de gemeente het initiatief genomen voor een onderzoek naar de woonwensen. Vanuit de Woonvisie lag er de opdracht om specifiek nog eens naar de wensen van de jeugd te kijken. Ook wil de gemeente de woonwensen van mensen met een beperking scherper in beeld krijgen.<\/p>\n<h5>Bedrijventerreinen<\/h5>\n<p><strong><i>Het <\/i><i>Koeland<\/i><\/strong><br \/>\nDit betreft het in ontwikkeling zijnde bedrijventerrein nabij de rotonde in de N348 aan de noordzijde van Wesepe. Wethouder Engberink gaat, aan de hand van een presentatie, dieper in op de planvorming en de uitvoering. In verband met het verleggen van het trac\u00e9 van de N348 is destijds een gebiedsvisie ontwikkeld. Dit heeft in 2008 geresulteerd in de vaststelling van een bestemmingsplan voor dit gebied. Van het Koeland mag 80% worden bebouwd. Langs de Raalterweg kunnen een aantal bedrijfsgebouwen met een bedrijfswoning worden gerealiseerd. Autoschadeherstelbedrijf Thalens is de eerste die zich daar heeft gevestigd. In het overige deel van dit plan kunnen bedrijfshallen etc. worden gebouwd, zonder bedrijfswoning.<\/p>\n<p>Op basis van het Beeldkwaliteitsplan moeten de bedrijfspanden aan de zichtkant een representatieve uitstraling hebben. Naar de binnenkant toe mag het wat meer loodsachtig ogen. Voor opslag etc. is het voor een bedrijf ook vaak noodzakelijk dat er dichte wanden zijn. De vorm van een bedrijfsgebouw is natuurlijk ook vaak afhankelijk van het doel waarvoor je het gebouw wilt gebruiken. Door de gekozen opzet van het plan zal er een afwisselende bebouwing ontstaan, waardoor de dichte wanden minder in het zicht komen. Conform het beeldkwaliteitsplan zullen aardse kleuren worden gebruikt. Er zal een groenstrook worden aangelegd als begrenzing van het agrarisch gebied. Met de ontwikkelaars van het plan zal overleg worden gepleegd over het versneld aanleggen hiervan. Dit najaar zullen aan de Raalterweg zomereiken en zilverlindes worden geplant. Voor het in aanbouw zijnde pand van de Firma Oosterhoff is in het najaar van 2015 vergunning verleend. Dit is ook het geval voor het bij dit pand te plaatsen digitaal billboard.<\/p>\n<p>Naar aanleiding van vragen uit de zaal geeft de wethouder aan dat over de lichtsterkte, lichtinval, storend of niet storend licht van reclame-uitingen moet worden voldaan aan de normen die Rijkswaterstaat hiervoor hanteert. Met elkaar moet worden ervaren hoe zich dit in Wesepe gaat ontwikkelen.<\/p>\n<p><strong><i>De Korenmolen\u00a0<\/i><\/strong><br \/>\nVolgens wethouder Bosch wordt het bedrijventerrein De Korenmolen, ook regionaal gezien, aangemerkt als een courant terrein. Er is ook wel weer wat belangstelling voor.<\/p>\n<p><strong><i>Algemeen<\/i><i>\u00a0<\/i><\/strong><br \/>\nDe gemeente Olst-Wijhe heeft totaal nog 7,7 hectare industrieterrein beschikbaar. Wethouder Bosch geeft aan, dat de gemeenten in West-Overijssel met elkaar overleggen wat de wensen, lopende plannen en behoeftes aan bedrijventerreinen zijn. Op die manier wordt gewerkt aan het zo optimaal mogelijk situeren van bedrijven.<\/p>\n<h5>Afsluiting<\/h5>\n<p>Wethouder Engberink sluit dit gedeelte van de avond af door het bestuur van Plaatselijk Belang te bedanken voor de ontvangst en de constructieve opstelling.\u00a0Tot slot bedankt voorzitter Jan Schepers een ieder voor de komst en de inbreng in de discussies.<\/p>\n<p>Aldus vastgesteld in de ledenvergadering<\/p>\n<p>d.d. 8 november 2017<\/p>\n<p>De voorzitter,<\/p>\n<p>De secretaris,<\/p>\n","protected":false},"excerpt":{"rendered":"<p>\u00a0Concept-notulen van de jaarvergadering van Plaatselijk Belang Wesepe gehouden op 9 november 2016 in het Wapen van Wesepe. Aanwezig: Het college van B&amp;W Olst-Wijhe: de wethouders M. Blind, A.G.J. Bosch en H.G. Engberink D. Zielhuis, gemeentesecretaris A. ten Broeke, afd. communicatie en voorlichting, gemeente De raadsleden: B.J. Habers (CDA),G.M.C. Hulleman-Jansen (Gemeentebelangen), A.H.T. Schuiling ( PvdA), [&hellip;]<\/p>\n","protected":false},"author":1,"featured_media":0,"parent":19,"menu_order":0,"comment_status":"closed","ping_status":"closed","template":"","meta":{"_exactmetrics_skip_tracking":false,"_exactmetrics_sitenote_active":false,"_exactmetrics_sitenote_note":"","_exactmetrics_sitenote_category":0},"_links":{"self":[{"href":"https:\/\/www.plaatselijkbelangwesepe.nl\/-\/wp-json\/wp\/v2\/pages\/1844"}],"collection":[{"href":"https:\/\/www.plaatselijkbelangwesepe.nl\/-\/wp-json\/wp\/v2\/pages"}],"about":[{"href":"https:\/\/www.plaatselijkbelangwesepe.nl\/-\/wp-json\/wp\/v2\/types\/page"}],"author":[{"embeddable":true,"href":"https:\/\/www.plaatselijkbelangwesepe.nl\/-\/wp-json\/wp\/v2\/users\/1"}],"replies":[{"embeddable":true,"href":"https:\/\/www.plaatselijkbelangwesepe.nl\/-\/wp-json\/wp\/v2\/comments?post=1844"}],"version-history":[{"count":6,"href":"https:\/\/www.plaatselijkbelangwesepe.nl\/-\/wp-json\/wp\/v2\/pages\/1844\/revisions"}],"predecessor-version":[{"id":1882,"href":"https:\/\/www.plaatselijkbelangwesepe.nl\/-\/wp-json\/wp\/v2\/pages\/1844\/revisions\/1882"}],"up":[{"embeddable":true,"href":"https:\/\/www.plaatselijkbelangwesepe.nl\/-\/wp-json\/wp\/v2\/pages\/19"}],"wp:attachment":[{"href":"https:\/\/www.plaatselijkbelangwesepe.nl\/-\/wp-json\/wp\/v2\/media?parent=1844"}],"curies":[{"name":"wp","href":"https:\/\/api.w.org\/{rel}","templated":true}]}}