{"id":507,"date":"2013-12-27T10:21:29","date_gmt":"2013-12-27T09:21:29","guid":{"rendered":"http:\/\/www.plaatselijkbelangwesepe.nl\/-\/?page_id=507"},"modified":"2017-08-17T14:10:36","modified_gmt":"2017-08-17T13:10:36","slug":"dorps-ontwikkelings-plan","status":"publish","type":"page","link":"https:\/\/www.plaatselijkbelangwesepe.nl\/-\/dorps-ontwikkelings-plan\/","title":{"rendered":"Dorps Ontwikkelings Plan"},"content":{"rendered":"<p>Een Dorps Ontwikkelings Plan (afgekort DOP) is een plan dat\u00a0antwoord geeft op de vraag hoe de inwoners het leven in hun dorp beoordelen en in welke richting hun dorp zich zou moeten ontwikkelen.\u00a0De plannen die hieruit voortkomen kunnen kortlopende zijn, \u00a0maar er kunnen ook projecten met een langere looptijd uit voort komen. De inhoud is erop gericht om de leefbaarheid van het dorp te bevorderen. Voorbeelden van onderwerpen waar het over kan gaan zijn onder andere wonen, werken, voorzieiningen, ondernemen, veiligheid, natuur, saamhorigheid, cultuur, recre\u00ebren, openbare ruimte, jongeren, ouderen, enzovoorts.\u00a0In Wesepe is de dorpsagenda, behorend bij het dorpsontwikkelingsplan in 3 stappen in\u00a02013\u00a0opgesteld:<\/p>\n<ul>\n<li>Verzamelen van informatie en idee\u00ebn (april en mei 2013);<\/li>\n<li>Dag van Wesepe. Kiezen en opstellen van de dorpsagenda (30 mei 2013);<\/li>\n<li>Uitwerken en gereedmaken van de plannen van aanpak (20 juni t\/m 26 september 2013).<\/li>\n<li>Ondertekenen convenant op 13 november (overeenkomst tussen Gemeente Olst-Wijhe, Plaatselijk Belang Wesepe en Stichting Kulturhus Olst-Wijhe).<\/li>\n<\/ul>\n<p>De slogan van het DOP Wesepe luidt: <strong>met elkaar, voor elkaar<\/strong>.<\/p>\n<p><strong>Contact<\/strong><br \/>\nVoor naadere informatie, inlichtingen, het spuien van idee\u00ebn en noem het maar op kunt u zich wenden tot <a href=\"mailto:info@plaatselijkbelangwesepe.nl\">info@plaatselijkbelangwesepe.nl<\/a><\/p>\n<p><strong>Convenant<\/strong><br \/>\nDe afspraken en verplichtingen die zijn gemaakt tussen de gemeente Olst-Wijhe, Stichting Kulturhus Olst-Wijhe en Plaatselijk Belang Wesepe zijn vastgelegd in een convenant met als bijlage een overzicht van de doelen en resultaten. \u00a0U kunt\u00a0deze documenten downloaden:<\/p>\n<ul>\n<li><a href=\"http:\/\/www.plaatselijkbelangwesepe.nl\/-\/wp-content\/uploads\/dop_Wesepe_convenant.pdf\">dop_Wesepe_convenant<\/a>.<\/li>\n<li><a href=\"http:\/\/www.plaatselijkbelangwesepe.nl\/-\/wp-content\/uploads\/dop_Wesepe_Doelen_en_resultaten_bij_Convenant.pdf\">dop_Wesepe_Doelen_en_resultaten_bij_Convenant<\/a><\/li>\n<\/ul>\n<p><strong>Boekje<\/strong><br \/>\nOver het\u00a0DOP in Wesepe is een boekje gemaakt. De werkgroepen presenteren zich er in en\u00a0er staat in het kort de historie van Wesepe beschreven. Verder vindt u in het boekje een samenvatting van de gebiedsanalyse, waarin dieper wordt ingegaan hoe het staat met wonen, werken en de sociale infrastructuur in Wesepe. Kort gezegd:\u201dWat houdt dat eigenlijk in, leven in Wesepe?\u201d\u00a0U kunt dit boekje downloaden: <a title=\"Door met uw muisaanwijzer te klikken op deze regel wordt het boekje als pdf-bestand gedownload op een nieuw tabblad. \" href=\"http:\/\/www.plaatselijkbelangwesepe.nl\/-\/wp-content\/uploads\/DOP-Wesepe-.pdf\" target=\"_blank\" rel=\"noopener\">DOP Wesepe.<\/a><\/p>\n<h3><strong>Werkgroepen<\/strong><\/h3>\n<p>Na het maken van de dorpsagenda zijn er negen\u00a0werkgroepen aan de slag gegaan. Hieronder leest u welke werkgroepen dat zijn en wat ze hebben bereikt.<\/p>\n<p><strong>Werkgroep bedrijvigheid<\/strong><br \/>\nDeze werkgroep wil ondernemers bij elkaar brengen en onderzoeken of er voldoende draagvlak is om een bedrijvenverzamelgebouw te realiseren. De werkgroep heeft ervoor gekozen als ondernemers het idee verder uit te werken, onafhankelijk van het DOP. Contacpersoon van deze groep is Bas Jansen, bj@carrosseriebouwjansen.nl.<\/p>\n<p><strong>Werkgroep wandel- en fietsroutes<\/strong><br \/>\n<a href=\"http:\/\/www.plaatselijkbelangwesepe.nl\/-\/wp-content\/uploads\/plattegrond-wandelen.jpg\" data-rel=\"lightbox-gallery-u3sqIouX\" data-rl_title=\"\" data-rl_caption=\"\" title=\"\"><img fetchpriority=\"high\" decoding=\"async\" class=\"size-medium wp-image-665 alignright\" src=\"http:\/\/www.plaatselijkbelangwesepe.nl\/-\/wp-content\/uploads\/plattegrond-wandelen-300x235.jpg\" alt=\"plattegrond-wandelen\" width=\"300\" height=\"235\" srcset=\"https:\/\/www.plaatselijkbelangwesepe.nl\/-\/wp-content\/uploads\/plattegrond-wandelen-300x235.jpg 300w, https:\/\/www.plaatselijkbelangwesepe.nl\/-\/wp-content\/uploads\/plattegrond-wandelen.jpg 802w\" sizes=\"(max-width: 300px) 100vw, 300px\" \/><\/a>De\u00a0plannen om een aantal wandel- en fietsroutes te laten beginnen en eindigen op het kerkplein bij de Nicolaaskerk en het Wapen van Wesepe werden \u2013 tot onze verrassing \u2013 gerealiseerd op de dag dat wij deze plannen inbrachten. Van alle windstreken komen een inmiddels een tiental wandelingen samen (al dan niet gecombineerd) op het kerkplein. Wandelnetwerk Salland deel 5\u00a0<i>\u2018Salland \u2013 Van IJssel tot en met Sallandse Heuvelrug\u2019<\/i>\u00a0 is gerealiseerd: honderden kilometers gemarkeerde wandelpaden en een wandelkaart (een uitgave van Salland Marketing).\u00a0\u00a0Precies wat we wilden!<\/p>\n<p>De werkgroep merkte\u00a0echter al gauw dat de wandelingen van het Wandelnetwerk nu juist de mooiste paden links of rechts hebben laten liggen. Waarschijnlijk is\u00a0de plaatselijke bevolking niet betrokken geweest is bij het uitzetten van deze wandelingen. Bovendien maken de uitgezette wandelingen deel uit van een netwerk, zodat ze op elkaar moeten aansluiten. Ook mogen de wandelingen niet te lang zijn.\u00a0Bestaande en nieuw uit te zetten wandel- en fietsroutes willen we met behulp van Geo-coaching en QR-codes voorzien van informatie. Het gaat dan om kernachtige informatie over monumentale gebouwen, stukjes geschiedenis, oude verhalen, foto\u2019s van vroeger, beschrijvingen van natuur en landschap, enzovoort. Ook hebben wij de uitnodiging van het\u00a0<i>Minifestival Wij-land\u00a0<\/i>om een specifieke wandeling uit te zetten voor het Minifestival op 13 september 2014 positief opgepakt. Tijdens de tweede editie van het Wij-land festival deden we dit opnieuw.<\/p>\n<p>In 2015 wordt een nieuwe fietsroute gepresenteerd, &#8216;Mien Sallandse Land&#8217;. Op\u00a021 mei 2016\u00a0presenteert de DOP-Werkgroep Wandel- en Fietsroutes in Wesepe een nieuwe folder met routes van 10 t\/m 16 km. Het gaat om het \u2018Mien Sallandse land\u2019-pad, dat als een klavertje vijf om het Sallandse dorp Wesepe ligt. Elk van de vijf paden kan afzonderlijk gelopen worden. Tezamen vormen de vijf paden een doorlopende route langs de hoogtepunten van het gedicht \u2018Mien Sallandse Land\u2019 dat geschreven werd door Bertus Keurhorst (1929-2014), amateur toneelspeler en tekstschrijver in de Sallandse streektaal te Wesepe. De eerste folder werd\u00a0door wethouder Herman Engeberink uitgereikt aan de kinderen van Bertus Keurhorst. De\u00a0vernieuwde folder van het Weseper ommetje, mu\u00a0met QR-codes,\u00a0werd\u00a0door de wethouder overhandigd aan Anton en Annet Niemeijer, de Wesepenaren van het jaar 2015.<\/p>\n<p><strong>Werkgroep\u00a0Ontmoeten in Wesepe<\/strong><br \/>\nHet doel van deze werkgroep is om de functie \u201contmoeten\u201d voor en door het Wapen van Wesepe nog beter benutten. Buiten de reeds bestaande verenigingsactiviteiten nog meer reuring en dynamiek trachten te bewerkstelligen. Dit draagt bij aan de saamhorigheid in het dorp en daardoor de leefbaarheid. In het eerste jaar is er voor gezorgd dat de beuk op het kerkplein in de (donkere) avonduren verlicht is. Daarnaast zijn er plantenbakken, een publicatiebord en een welkomstbord op het terras en terrein geplaatst bij het Wapen van Wesepe. Dit alles om de uitstraling en toegankelijkheid te vergroten. De werkgroep heeft inmiddels diverse wensen van de verenigingen met betrekking tot de inrichting c.q. uitrusting van het Wapen van Wesepe\u00a0ge\u00efnventariseerd. Belangrijkste punt dat daaruit kwam is de wens voor een betere geluidsinstallatie in het Wapen van Wesepe. Deze is inmiddels aangeschaft en ge\u00efnstalleerd. De werkgroep heeft, naar aanleiding van de inventarisatie ook nog plannen voor een terrasafscheiding. Contactpersoon voor deze werkgroep is Peter Paul Daams, ppjdaams@gmail.com.<\/p>\n<p><strong>Werkgroep plukbloementuin<\/strong><br \/>\nDe Plukbloementuin in Wesepe is ontstaan door een idee en veel enthousiasme van Gerrit Jansen. &#8220;De Pluktuin wordt een bloemenweide waar<a href=\"http:\/\/www.plaatselijkbelangwesepe.nl\/-\/wp-content\/uploads\/plukbloementuin.jpg\" data-rel=\"lightbox-gallery-u3sqIouX\" data-rl_title=\"\" data-rl_caption=\"\" title=\"\"><img decoding=\"async\" class=\"alignleft size-medium wp-image-1373\" src=\"http:\/\/www.plaatselijkbelangwesepe.nl\/-\/wp-content\/uploads\/plukbloementuin-300x169.jpg\" alt=\"plukbloementuin\" width=\"300\" height=\"169\" srcset=\"https:\/\/www.plaatselijkbelangwesepe.nl\/-\/wp-content\/uploads\/plukbloementuin-300x169.jpg 300w, https:\/\/www.plaatselijkbelangwesepe.nl\/-\/wp-content\/uploads\/plukbloementuin.jpg 800w\" sizes=\"(max-width: 300px) 100vw, 300px\" \/><\/a> \u2018deelnemers\u2019 aan de tuin in de zomer bloemen kunnen plukken. Ook komt er een kleine moestuin, die met name voor de jeugd is bestemd.&#8221; Zo verwoorde hij zijn idee en kreeg hij ook anderen enthousiast om te helpen de plukbloementuin te realiseren. De kleine moestuin is verder uitgewerkt en hieruit zijn de vierkante-meter-tuintjes voor de jeugd uit voortgekomen.\u00a0De Plukbloementuin heeft een eigen website, <a href=\"http:\/\/www.plukbloementuinwesepe.nl\" target=\"_blank\" rel=\"noopener\">kijk daar eens voor meer informatie.<\/a><\/p>\n<p><strong>Werkgroep jeugd en spel<\/strong><br \/>\nDeze werkgroep streeft drie doelen na. Ze wil het trapveld aan de Tollenaar ook aantrekkelijk maken voor niet voetballende jongeren van 10 -15 jaar, kijken naar de mogelijkheid voor bijvoorbeeld een crossbaan, pingpongtafel of andere mogelijkheden en onderzoeken of bij Het Wapen van Wesepe mogelijkheden zijn voor het realiseren van speelgelegenheid. De werkgroep heeft diverse mogelijkheden onderzocht. Inmiddels is het speelveld aan de Tollenaar voorzien van een omheining en is er een apart doel met stoep aangelegd, zodat kinderen in een rolstoel ook &#8216;een balletje kunnen trappen&#8217;. Een eerder geplaatste afvalbak is\u00a0verwijderd omdat deze niet opgenomen kan worden in de gemeentelijke route van het ledigen van andere afvalbakken, zoals in speeltuin &#8217;t Klompje. Dit is tevens de laatste actie van deze werkgroep. \u00a0Contactpersoon is Rianne Mensink, rianne_mensink@hotmail.com.<\/p>\n<p><strong>Werkgroep heel Wesepe leest<\/strong><br \/>\nOok deze werkgroep heeft meerdere idee\u00ebn om haar doel te verwezenlijken. Ze heeft inmiddels\u00a0een uitleenpunt voor de jeugd opgezet\u00a0i.s.m. de basisschool en twee zwerfboekenkasten gerealiseerd. E\u00e9n op school en \u00e9\u00e9n in De Nieuwe Coers.Een openstaande wens is het realisren vna het project boekje van de buren, een online uitleensysteem en het opzetten en- of ondersteunen van\u00a0leesstimuleringsactiviteiten .Contactpersoon is Mirjan de Bone, gertdebone@hotmail.com.<\/p>\n<p><strong>Werkgroep wonen<\/strong><br \/>\nOnderzoek doen naar Wonen in Wesepe met meerdere doelen, namelijk betaalbare woningen voor jongeren, in beeld brengen van de woonbehoefte in het algemeen, Wesepe als aantrekkelijk woondorp voor iedereen, het huidige voorzieningenniveau van Wesepe behouden of uitbreiden. De werkgroep wonen heeft begin 2014 enqu\u00eate uitgezet onder de inwoners van Wesepe. De resultaten zijn gedeeld met de gemeente Olst-Wijhe en op verzoek zijn ook andere ge\u00efnteresseerden ge\u00efnformeerd. Contactpersoon is Jeroen Harmsen, jeroen.harmsen@hotmail.com.<\/p>\n<p><strong>Werkgroep cultureel minifestival<\/strong><br \/>\n<img decoding=\"async\" class=\"alignleft size-medium wp-image-1370\" src=\"http:\/\/www.plaatselijkbelangwesepe.nl\/-\/wp-content\/uploads\/Heel-Wesepe-bakt-212x300.jpg\" alt=\"Heel-Wesepe-bakt\" width=\"212\" height=\"300\" srcset=\"https:\/\/www.plaatselijkbelangwesepe.nl\/-\/wp-content\/uploads\/Heel-Wesepe-bakt-212x300.jpg 212w, https:\/\/www.plaatselijkbelangwesepe.nl\/-\/wp-content\/uploads\/Heel-Wesepe-bakt.jpg 723w\" sizes=\"(max-width: 212px) 100vw, 212px\" \/>&#8220;Het organiseren van een eendaags cultureel minifestival met de mogelijkheid tot uitbreiding of vervolg. Het is een familiefestival met\/van\/voor en door Wesepenaren, dat zorgt voor aantrekkingskracht naar Wesepe.&#8221; Met veel enthousiasme is onder leiding van Heleen Simons het eerste Wijland-festival in 2014 gehouden. Het werd een succes dat mede daardoor een vervolg kreeg in 2015. Naast de festival-dagen was er aandacht voor een paar bijzondere activiteiten, zoals een cursus autobanden wisselen voor vrouwen en &#8216;Heel Wesepe bakt&#8221;, in samenwerking met de werkgroep Plukbloementuin. Contactpersoon van Wijland-festival is Heleen Simons, hnsimons@hotmail.com.<\/p>\n<p><strong>Werkgroep Muurschildering &#8216;de Beukenoot&#8217;<\/strong><br \/>\nDe Beukenoot, de gelegenheid voor ontmoetingen naast de kerk is in 2013 van binnen onder handen genomen en ingericht naar deze tijd. Er bleef echter nog een wens over, een mooie muurschildering op \u00e9\u00e9n van de wanden. Deze wens kon gerealiseerd worden en inmiddels is de muurschildering aangebracht door beeldend kunstenaar Margriet Stegink-Keesmaat uit Wesepe.<\/p>\n<p><img loading=\"lazy\" decoding=\"async\" class=\"wp-image-537 alignleft\" src=\"http:\/\/www.plaatselijkbelangwesepe.nl\/-\/wp-content\/uploads\/header1.jpg\" alt=\"header1\" width=\"369\" height=\"86\" srcset=\"https:\/\/www.plaatselijkbelangwesepe.nl\/-\/wp-content\/uploads\/header1.jpg 770w, https:\/\/www.plaatselijkbelangwesepe.nl\/-\/wp-content\/uploads\/header1-300x70.jpg 300w\" sizes=\"(max-width: 369px) 100vw, 369px\" \/>Het DOP is\u00a0mogelijk gemaakt door subsidie en- of medewerking van Provincie Overijssel, gemeente Olst-Wijhe, Stichting Kulturhus Olst-Wijhe, Plaatselijk Belang Wesepe en vrijwilligers uit Wesepe.<\/p>\n","protected":false},"excerpt":{"rendered":"<p>Een Dorps Ontwikkelings Plan (afgekort DOP) is een plan dat\u00a0antwoord geeft op de vraag hoe de inwoners het leven in hun dorp beoordelen en in welke richting hun dorp zich zou moeten ontwikkelen.\u00a0De plannen die hieruit voortkomen kunnen kortlopende zijn, \u00a0maar er kunnen ook projecten met een langere looptijd uit voort komen. De inhoud is [&hellip;]<\/p>\n","protected":false},"author":1,"featured_media":511,"parent":0,"menu_order":0,"comment_status":"closed","ping_status":"open","template":"","meta":{"_exactmetrics_skip_tracking":false,"_exactmetrics_sitenote_active":false,"_exactmetrics_sitenote_note":"","_exactmetrics_sitenote_category":0},"_links":{"self":[{"href":"https:\/\/www.plaatselijkbelangwesepe.nl\/-\/wp-json\/wp\/v2\/pages\/507"}],"collection":[{"href":"https:\/\/www.plaatselijkbelangwesepe.nl\/-\/wp-json\/wp\/v2\/pages"}],"about":[{"href":"https:\/\/www.plaatselijkbelangwesepe.nl\/-\/wp-json\/wp\/v2\/types\/page"}],"author":[{"embeddable":true,"href":"https:\/\/www.plaatselijkbelangwesepe.nl\/-\/wp-json\/wp\/v2\/users\/1"}],"replies":[{"embeddable":true,"href":"https:\/\/www.plaatselijkbelangwesepe.nl\/-\/wp-json\/wp\/v2\/comments?post=507"}],"version-history":[{"count":33,"href":"https:\/\/www.plaatselijkbelangwesepe.nl\/-\/wp-json\/wp\/v2\/pages\/507\/revisions"}],"predecessor-version":[{"id":2258,"href":"https:\/\/www.plaatselijkbelangwesepe.nl\/-\/wp-json\/wp\/v2\/pages\/507\/revisions\/2258"}],"wp:featuredmedia":[{"embeddable":true,"href":"https:\/\/www.plaatselijkbelangwesepe.nl\/-\/wp-json\/wp\/v2\/media\/511"}],"wp:attachment":[{"href":"https:\/\/www.plaatselijkbelangwesepe.nl\/-\/wp-json\/wp\/v2\/media?parent=507"}],"curies":[{"name":"wp","href":"https:\/\/api.w.org\/{rel}","templated":true}]}}